{"id":84,"date":"2022-10-24T13:55:46","date_gmt":"2022-10-24T13:55:46","guid":{"rendered":"https:\/\/demerodioyasociados.com\/index.php\/contact-us\/"},"modified":"2024-07-18T17:15:32","modified_gmt":"2024-07-18T17:15:32","slug":"contact-us","status":"publish","type":"page","link":"https:\/\/demerodioyasociados.com\/index.php\/contact-us\/","title":{"rendered":"Contact Us"},"content":{"rendered":"\t\t<div data-elementor-type=\"wp-page\" data-elementor-id=\"84\" class=\"elementor elementor-84\">\n\t\t\t\t\t\t<section class=\"elementor-section elementor-top-section elementor-element elementor-element-7550cf5 elementor-section-boxed elementor-section-height-default elementor-section-height-default\" data-id=\"7550cf5\" data-element_type=\"section\" data-settings=\"{&quot;background_background&quot;:&quot;classic&quot;}\">\n\t\t\t\t\t\t<div class=\"elementor-container elementor-column-gap-no\">\n\t\t\t\t\t<div class=\"aux-parallax-section elementor-column elementor-col-100 elementor-top-column elementor-element elementor-element-0b8135e\" data-id=\"0b8135e\" data-element_type=\"column\">\n\t\t\t<div class=\"elementor-widget-wrap elementor-element-populated\">\n\t\t\t\t\t\t<div class=\"elementor-element elementor-element-8edc694 elementor-widget elementor-widget-aux_modern_heading\" data-id=\"8edc694\" data-element_type=\"widget\" data-widget_type=\"aux_modern_heading.default\">\n\t\t\t\t<div class=\"elementor-widget-container\">\n\t\t\t\t\t<section class=\"aux-widget-modern-heading\">\n            <div class=\"aux-widget-inner\"><h4 class=\"aux-modern-heading-primary\">Cont\u00e1ctanos<\/h4><\/div>\n        <\/section>\t\t\t\t<\/div>\n\t\t\t\t<\/div>\n\t\t\t\t\t<\/div>\n\t\t<\/div>\n\t\t\t\t\t<\/div>\n\t\t<\/section>\n\t\t\t\t<section class=\"elementor-section elementor-top-section elementor-element elementor-element-893797c elementor-section-boxed elementor-section-height-default elementor-section-height-default\" data-id=\"893797c\" data-element_type=\"section\">\n\t\t\t\t\t\t<div class=\"elementor-container elementor-column-gap-no\">\n\t\t\t\t\t<div class=\"aux-parallax-section elementor-column elementor-col-100 elementor-top-column elementor-element elementor-element-02470b5\" data-id=\"02470b5\" data-element_type=\"column\">\n\t\t\t<div class=\"elementor-widget-wrap elementor-element-populated\">\n\t\t\t\t\t\t<div class=\"elementor-element elementor-element-9e2c601 elementor-widget__width-auto aux-appear-watch-animation aux-slide-from-bot elementor-widget elementor-widget-aux_modern_heading\" data-id=\"9e2c601\" data-element_type=\"widget\" data-widget_type=\"aux_modern_heading.default\">\n\t\t\t\t<div class=\"elementor-widget-container\">\n\t\t\t\t\t<section class=\"aux-widget-modern-heading\">\n            <div class=\"aux-widget-inner\"><h5 class=\"aux-modern-heading-primary\">Cont\u00e1ctanos<\/h5><h4 class=\"aux-modern-heading-secondary\"><span class=\"aux-head-before\">Cu\u00e9ntanos tu proyecto <\/span><\/h4><\/div>\n        <\/section>\t\t\t\t<\/div>\n\t\t\t\t<\/div>\n\t\t\t\t<div class=\"aux-scroll-anim elementor-element elementor-element-71a4d21 elementor-widget__width-auto aux-shpe-type-circle elementor-widget elementor-widget-aux_simple_shape\" data-move-in=\"moveHorizontal\" data-move-out=\"moveHorizontal\" data-axis-x=\"30\" data-axis-y=\"200\" data-rotate=\"90\" data-scale=\"1\" data-vp-top=\"0.5\" data-vp-bot=\"0.5\" data-el-top=\"0.2\" data-scroll-animation-off=\"1024\" data-id=\"71a4d21\" data-element_type=\"widget\" data-widget_type=\"aux_simple_shape.default\">\n\t\t\t\t<div class=\"elementor-widget-container\">\n\t\t\t\t\t    <div class=\"aux-widget-container aux-simple-shape-container\">\n        <div class=\"aux-widget-container-inner\">\n            <div class=\"aux-the-shape\"><\/div>\n        <\/div>\n    <\/div>\n    \t\t\t\t<\/div>\n\t\t\t\t<\/div>\n\t\t\t\t\t<\/div>\n\t\t<\/div>\n\t\t\t\t\t<\/div>\n\t\t<\/section>\n\t\t\t\t<section class=\"elementor-section elementor-top-section elementor-element elementor-element-d6e883c elementor-section-boxed elementor-section-height-default elementor-section-height-default\" data-id=\"d6e883c\" data-element_type=\"section\">\n\t\t\t\t\t\t<div class=\"elementor-container elementor-column-gap-no\">\n\t\t\t\t\t<div class=\"aux-parallax-section elementor-column elementor-col-100 elementor-top-column elementor-element elementor-element-e2afb1b\" data-id=\"e2afb1b\" data-element_type=\"column\">\n\t\t\t<div class=\"elementor-widget-wrap elementor-element-populated\">\n\t\t\t\t\t\t<div class=\"elementor-element elementor-element-5028ea1 elementor-widget__width-auto aux-appear-watch-animation aux-slide-from-bot elementor-widget elementor-widget-aux_modern_heading\" data-id=\"5028ea1\" data-element_type=\"widget\" data-widget_type=\"aux_modern_heading.default\">\n\t\t\t\t<div class=\"elementor-widget-container\">\n\t\t\t\t\t<section class=\"aux-widget-modern-heading\">\n            <div class=\"aux-widget-inner\"><h4 class=\"aux-modern-heading-primary\">\u00a1Escr\u00edbenos!<\/h4><\/div>\n        <\/section>\t\t\t\t<\/div>\n\t\t\t\t<\/div>\n\t\t\t\t<section class=\"elementor-section elementor-inner-section elementor-element elementor-element-238b942 elementor-reverse-mobile elementor-section-boxed elementor-section-height-default elementor-section-height-default\" data-id=\"238b942\" data-element_type=\"section\">\n\t\t\t\t\t\t<div class=\"elementor-container elementor-column-gap-no\">\n\t\t\t\t\t<div class=\"aux-parallax-section elementor-column elementor-col-50 elementor-inner-column elementor-element elementor-element-8d949a1\" data-id=\"8d949a1\" data-element_type=\"column\">\n\t\t\t<div class=\"elementor-widget-wrap elementor-element-populated\">\n\t\t\t\t\t\t<div class=\"elementor-element elementor-element-8cce78a aux-appear-watch-animation aux-fade-in-up-1 elementor-widget elementor-widget-aux_contact_form\" data-id=\"8cce78a\" data-element_type=\"widget\" data-widget_type=\"aux_contact_form.default\">\n\t\t\t\t<div class=\"elementor-widget-container\">\n\t\t\t\t\t<section class=\"widget-container aux-widget-contact-form aux-parent-au84ca54d3\">            <div class=\"aux-col-wrapper aux-no-gutter\">\n            <!-- @TODO - The output for element here -->\n\n            \n<div class=\"wpcf7 no-js\" id=\"wpcf7-f108-o1\" lang=\"en-US\" dir=\"ltr\" data-wpcf7-id=\"108\">\n<div class=\"screen-reader-response\"><p role=\"status\" aria-live=\"polite\" aria-atomic=\"true\"><\/p> <ul><\/ul><\/div>\n<form action=\"\/index.php\/wp-json\/wp\/v2\/pages\/84#wpcf7-f108-o1\" method=\"post\" class=\"wpcf7-form init\" aria-label=\"Contact form\" novalidate=\"novalidate\" data-status=\"init\">\n<div style=\"display: none;\">\n<input type=\"hidden\" name=\"_wpcf7\" value=\"108\" \/>\n<input type=\"hidden\" name=\"_wpcf7_version\" value=\"6.0.6\" \/>\n<input type=\"hidden\" name=\"_wpcf7_locale\" value=\"en_US\" \/>\n<input type=\"hidden\" name=\"_wpcf7_unit_tag\" value=\"wpcf7-f108-o1\" \/>\n<input type=\"hidden\" name=\"_wpcf7_container_post\" value=\"0\" \/>\n<input type=\"hidden\" name=\"_wpcf7_posted_data_hash\" value=\"\" \/>\n<\/div>\n<div class=\"part1\">\n<span class=\"wpcf7-form-control-wrap\" data-name=\"YourName\"><input size=\"40\" maxlength=\"400\" class=\"wpcf7-form-control wpcf7-text\" aria-invalid=\"false\" placeholder=\"Your Name\" value=\"\" type=\"text\" name=\"YourName\" \/><\/span>\n<span class=\"wpcf7-form-control-wrap\" data-name=\"YourEmail\"><input size=\"40\" maxlength=\"400\" class=\"wpcf7-form-control wpcf7-email wpcf7-validates-as-required wpcf7-text wpcf7-validates-as-email\" aria-required=\"true\" aria-invalid=\"false\" placeholder=\"Your Email\" value=\"\" type=\"email\" name=\"YourEmail\" \/><\/span>\n<span class=\"wpcf7-form-control-wrap\" data-name=\"YourWebsite\"><input size=\"40\" maxlength=\"400\" class=\"wpcf7-form-control wpcf7-text wpcf7-validates-as-required\" id=\"YourName\" aria-required=\"true\" aria-invalid=\"false\" placeholder=\"Your Website\" value=\"\" type=\"text\" name=\"YourWebsite\" \/><\/span>\n<\/div>\n<span class=\"wpcf7-form-control-wrap\" data-name=\"Subject\"><input size=\"40\" maxlength=\"400\" class=\"wpcf7-form-control wpcf7-text wpcf7-validates-as-required\" id=\"Subject\" aria-required=\"true\" aria-invalid=\"false\" placeholder=\"Subject\" value=\"\" type=\"text\" name=\"Subject\" \/><\/span>\n<span class=\"wpcf7-form-control-wrap\" data-name=\"YourMessage___\"><textarea cols=\"40\" rows=\"10\" maxlength=\"2000\" class=\"wpcf7-form-control wpcf7-textarea wpcf7-validates-as-required\" aria-required=\"true\" aria-invalid=\"false\" placeholder=\"Your Message...\" name=\"YourMessage___\"><\/textarea><\/span>\n<input class=\"wpcf7-form-control wpcf7-submit has-spinner Send Request\" id=\"SendRequest\" type=\"submit\" value=\"Send Request\" \/><div class=\"wpcf7-response-output\" aria-hidden=\"true\"><\/div>\n<\/form>\n<\/div>\n\n\n            <\/div><!-- aux-col-wrapper -->\n    <\/section><!-- widget-container -->\t\t\t\t<\/div>\n\t\t\t\t<\/div>\n\t\t\t\t\t<\/div>\n\t\t<\/div>\n\t\t\t\t<div class=\"aux-parallax-section elementor-column elementor-col-50 elementor-inner-column elementor-element elementor-element-9fe0060 aux-appear-watch-animation aux-fade-in-up-1\" data-id=\"9fe0060\" data-element_type=\"column\">\n\t\t\t<div class=\"elementor-widget-wrap elementor-element-populated\">\n\t\t\t\t\t\t<div class=\"elementor-element elementor-element-f16f9cf elementor-widget elementor-widget-aux_modern_heading\" data-id=\"f16f9cf\" data-element_type=\"widget\" data-widget_type=\"aux_modern_heading.default\">\n\t\t\t\t<div class=\"elementor-widget-container\">\n\t\t\t\t\t<section class=\"aux-widget-modern-heading\">\n            <div class=\"aux-widget-inner\"><h4 class=\"aux-modern-heading-primary\">Sobre nosotros<\/h4><div class=\"aux-modern-heading-description\"><p>Somos una red de consultores comprometidos con ayudar a los empresarios a construir su legado y romper los l\u00edmites de su crecimiento.<\/p><\/div><\/div>\n        <\/section>\t\t\t\t<\/div>\n\t\t\t\t<\/div>\n\t\t\t\t<div class=\"elementor-element elementor-element-8ee893c elementor-widget elementor-widget-aux_modern_button\" data-id=\"8ee893c\" data-element_type=\"widget\" data-widget_type=\"aux_modern_button.default\">\n\t\t\t\t<div class=\"elementor-widget-container\">\n\t\t\t\t\t    <div class=\"aux-modern-button-wrapper aux-modern-button-align-left\" >\n                    <a class=\"aux-modern-button aux-black aux-modern-button-md aux-modern-button-normal aux-modern-button-default aux-icon-\" href=\"https:\/\/demerodioyasociados.com\/index.php\/about-us\/\">\n                <div class=\"aux-overlay\"><\/div>\n                                    <div class=\"aux-icon \">\n                                            <\/div>\n                                <div class=\"aux-text\">\n<span class=\"aux-text-before\">Mas sobre nosotros<\/span>                <\/div>\n            <\/a>\n            \n    <\/div>\n\n    \t\t\t\t<\/div>\n\t\t\t\t<\/div>\n\t\t\t\t\t<\/div>\n\t\t<\/div>\n\t\t\t\t\t<\/div>\n\t\t<\/section>\n\t\t\t\t\t<\/div>\n\t\t<\/div>\n\t\t\t\t\t<\/div>\n\t\t<\/section>\n\t\t\t\t<\/div>\n\t\t","protected":false},"excerpt":{"rendered":"<p>Cont\u00e1ctanos Cont\u00e1ctanos Cu\u00e9ntanos tu proyecto \u00a1Escr\u00edbenos! Sobre nosotros Somos una red de consultores comprometidos con ayudar a los empresarios a construir su legado y romper los l\u00edmites de su crecimiento. Mas sobre nosotros<\/p>\n","protected":false},"author":1,"featured_media":0,"parent":0,"menu_order":0,"comment_status":"closed","ping_status":"closed","template":"templates\/page-builder-content.php","meta":{"content-type":"","footnotes":""},"class_list":["post-84","page","type-page","status-publish","hentry"],"yoast_head":"<!-- This site is optimized with the Yoast SEO plugin v23.1 - https:\/\/yoast.com\/wordpress\/plugins\/seo\/ -->\n<title>Contact Us - De Merodio y Asociados<\/title>\n<meta name=\"robots\" content=\"index, follow, max-snippet:-1, max-image-preview:large, max-video-preview:-1\" \/>\n<link rel=\"canonical\" href=\"https:\/\/demerodioyasociados.com\/index.php\/contact-us\/\" \/>\n<meta property=\"og:locale\" content=\"en_US\" \/>\n<meta property=\"og:type\" content=\"article\" \/>\n<meta property=\"og:title\" content=\"Contact Us - De Merodio y Asociados\" \/>\n<meta property=\"og:description\" content=\"Cont\u00e1ctanos Cont\u00e1ctanos Cu\u00e9ntanos tu proyecto \u00a1Escr\u00edbenos! Sobre nosotros Somos una red de consultores comprometidos con ayudar a los empresarios a construir su legado y romper los l\u00edmites de su crecimiento. Mas sobre nosotros\" \/>\n<meta property=\"og:url\" content=\"https:\/\/demerodioyasociados.com\/index.php\/contact-us\/\" \/>\n<meta property=\"og:site_name\" content=\"De Merodio y Asociados\" \/>\n<meta property=\"article:modified_time\" content=\"2024-07-18T17:15:32+00:00\" \/>\n<meta name=\"twitter:card\" content=\"summary_large_image\" \/>\n<meta name=\"twitter:label1\" content=\"Est. reading time\" \/>\n\t<meta name=\"twitter:data1\" content=\"1 minute\" \/>\n<script type=\"application\/ld+json\" class=\"yoast-schema-graph\">{\"@context\":\"https:\/\/schema.org\",\"@graph\":[{\"@type\":\"WebPage\",\"@id\":\"https:\/\/demerodioyasociados.com\/index.php\/contact-us\/\",\"url\":\"https:\/\/demerodioyasociados.com\/index.php\/contact-us\/\",\"name\":\"Contact Us - De Merodio y Asociados\",\"isPartOf\":{\"@id\":\"https:\/\/demerodioyasociados.com\/#website\"},\"datePublished\":\"2022-10-24T13:55:46+00:00\",\"dateModified\":\"2024-07-18T17:15:32+00:00\",\"breadcrumb\":{\"@id\":\"https:\/\/demerodioyasociados.com\/index.php\/contact-us\/#breadcrumb\"},\"inLanguage\":\"en-US\",\"potentialAction\":[{\"@type\":\"ReadAction\",\"target\":[\"https:\/\/demerodioyasociados.com\/index.php\/contact-us\/\"]}]},{\"@type\":\"BreadcrumbList\",\"@id\":\"https:\/\/demerodioyasociados.com\/index.php\/contact-us\/#breadcrumb\",\"itemListElement\":[{\"@type\":\"ListItem\",\"position\":1,\"name\":\"Home\",\"item\":\"https:\/\/demerodioyasociados.com\/\"},{\"@type\":\"ListItem\",\"position\":2,\"name\":\"Contact Us\"}]},{\"@type\":\"WebSite\",\"@id\":\"https:\/\/demerodioyasociados.com\/#website\",\"url\":\"https:\/\/demerodioyasociados.com\/\",\"name\":\"De Merodio y Asociados\",\"description\":\"\",\"publisher\":{\"@id\":\"https:\/\/demerodioyasociados.com\/#organization\"},\"potentialAction\":[{\"@type\":\"SearchAction\",\"target\":{\"@type\":\"EntryPoint\",\"urlTemplate\":\"https:\/\/demerodioyasociados.com\/?s={search_term_string}\"},\"query-input\":\"required name=search_term_string\"}],\"inLanguage\":\"en-US\"},{\"@type\":\"Organization\",\"@id\":\"https:\/\/demerodioyasociados.com\/#organization\",\"name\":\"De Merodio y Asociados\",\"url\":\"https:\/\/demerodioyasociados.com\/\",\"logo\":{\"@type\":\"ImageObject\",\"inLanguage\":\"en-US\",\"@id\":\"https:\/\/demerodioyasociados.com\/#\/schema\/logo\/image\/\",\"url\":\"https:\/\/demerodioyasociados.com\/wp-content\/uploads\/2021\/07\/full-color-fondo-blanco.png\",\"contentUrl\":\"https:\/\/demerodioyasociados.com\/wp-content\/uploads\/2021\/07\/full-color-fondo-blanco.png\",\"width\":3000,\"height\":1010,\"caption\":\"De Merodio y Asociados\"},\"image\":{\"@id\":\"https:\/\/demerodioyasociados.com\/#\/schema\/logo\/image\/\"}}]}<\/script>\n<!-- \/ Yoast SEO plugin. -->","yoast_head_json":{"title":"Contact Us - De Merodio y Asociados","robots":{"index":"index","follow":"follow","max-snippet":"max-snippet:-1","max-image-preview":"max-image-preview:large","max-video-preview":"max-video-preview:-1"},"canonical":"https:\/\/demerodioyasociados.com\/index.php\/contact-us\/","og_locale":"en_US","og_type":"article","og_title":"Contact Us - De Merodio y Asociados","og_description":"Cont\u00e1ctanos Cont\u00e1ctanos Cu\u00e9ntanos tu proyecto \u00a1Escr\u00edbenos! Sobre nosotros Somos una red de consultores comprometidos con ayudar a los empresarios a construir su legado y romper los l\u00edmites de su crecimiento. Mas sobre nosotros","og_url":"https:\/\/demerodioyasociados.com\/index.php\/contact-us\/","og_site_name":"De Merodio y Asociados","article_modified_time":"2024-07-18T17:15:32+00:00","twitter_card":"summary_large_image","twitter_misc":{"Est. reading time":"1 minute"},"schema":{"@context":"https:\/\/schema.org","@graph":[{"@type":"WebPage","@id":"https:\/\/demerodioyasociados.com\/index.php\/contact-us\/","url":"https:\/\/demerodioyasociados.com\/index.php\/contact-us\/","name":"Contact Us - De Merodio y Asociados","isPartOf":{"@id":"https:\/\/demerodioyasociados.com\/#website"},"datePublished":"2022-10-24T13:55:46+00:00","dateModified":"2024-07-18T17:15:32+00:00","breadcrumb":{"@id":"https:\/\/demerodioyasociados.com\/index.php\/contact-us\/#breadcrumb"},"inLanguage":"en-US","potentialAction":[{"@type":"ReadAction","target":["https:\/\/demerodioyasociados.com\/index.php\/contact-us\/"]}]},{"@type":"BreadcrumbList","@id":"https:\/\/demerodioyasociados.com\/index.php\/contact-us\/#breadcrumb","itemListElement":[{"@type":"ListItem","position":1,"name":"Home","item":"https:\/\/demerodioyasociados.com\/"},{"@type":"ListItem","position":2,"name":"Contact Us"}]},{"@type":"WebSite","@id":"https:\/\/demerodioyasociados.com\/#website","url":"https:\/\/demerodioyasociados.com\/","name":"De Merodio y Asociados","description":"","publisher":{"@id":"https:\/\/demerodioyasociados.com\/#organization"},"potentialAction":[{"@type":"SearchAction","target":{"@type":"EntryPoint","urlTemplate":"https:\/\/demerodioyasociados.com\/?s={search_term_string}"},"query-input":"required name=search_term_string"}],"inLanguage":"en-US"},{"@type":"Organization","@id":"https:\/\/demerodioyasociados.com\/#organization","name":"De Merodio y Asociados","url":"https:\/\/demerodioyasociados.com\/","logo":{"@type":"ImageObject","inLanguage":"en-US","@id":"https:\/\/demerodioyasociados.com\/#\/schema\/logo\/image\/","url":"https:\/\/demerodioyasociados.com\/wp-content\/uploads\/2021\/07\/full-color-fondo-blanco.png","contentUrl":"https:\/\/demerodioyasociados.com\/wp-content\/uploads\/2021\/07\/full-color-fondo-blanco.png","width":3000,"height":1010,"caption":"De Merodio y Asociados"},"image":{"@id":"https:\/\/demerodioyasociados.com\/#\/schema\/logo\/image\/"}}]}},"_hostinger_reach_plugin_has_subscription_block":false,"_hostinger_reach_plugin_is_elementor":false,"_links":{"self":[{"href":"https:\/\/demerodioyasociados.com\/index.php\/wp-json\/wp\/v2\/pages\/84","targetHints":{"allow":["GET"]}}],"collection":[{"href":"https:\/\/demerodioyasociados.com\/index.php\/wp-json\/wp\/v2\/pages"}],"about":[{"href":"https:\/\/demerodioyasociados.com\/index.php\/wp-json\/wp\/v2\/types\/page"}],"author":[{"embeddable":true,"href":"https:\/\/demerodioyasociados.com\/index.php\/wp-json\/wp\/v2\/users\/1"}],"replies":[{"embeddable":true,"href":"https:\/\/demerodioyasociados.com\/index.php\/wp-json\/wp\/v2\/comments?post=84"}],"version-history":[{"count":9,"href":"https:\/\/demerodioyasociados.com\/index.php\/wp-json\/wp\/v2\/pages\/84\/revisions"}],"predecessor-version":[{"id":400,"href":"https:\/\/demerodioyasociados.com\/index.php\/wp-json\/wp\/v2\/pages\/84\/revisions\/400"}],"wp:attachment":[{"href":"https:\/\/demerodioyasociados.com\/index.php\/wp-json\/wp\/v2\/media?parent=84"}],"curies":[{"name":"wp","href":"https:\/\/api.w.org\/{rel}","templated":true}]}}